{"id":41,"date":"2019-12-05T23:16:59","date_gmt":"2019-12-05T20:16:59","guid":{"rendered":"http:\/\/akdenizmotosiklet.org\/?page_id=41"},"modified":"2020-02-03T23:00:23","modified_gmt":"2020-02-03T20:00:23","slug":"yonetim-kurulumuz","status":"publish","type":"page","link":"https:\/\/akdenizmotosiklet.org\/index.php\/yonetim-kurulumuz\/","title":{"rendered":"Y\u00f6netim Kurulumuz"},"content":{"rendered":"\n\n\n\t<div class='ngg-imagebrowser default-view'\n         id='ngg-imagebrowser-96421399ba9696468c480a0403c5e090-41'\n         data-nextgen-gallery-id=\"96421399ba9696468c480a0403c5e090\">\n\n        <h3>2019-2020<\/h3>\n\n\t\t<div id=\"ngg-image-0\" class=\"pic\" >\n        \n        <a href='https:\/\/akdenizmotosiklet.org\/wp-content\/gallery\/yonetim-kurulu\/2019-2020.jpg'\n           title=' '\n           data-src=\"https:\/\/akdenizmotosiklet.org\/wp-content\/gallery\/yonetim-kurulu\/2019-2020.jpg\"\n           data-thumbnail=\"https:\/\/akdenizmotosiklet.org\/wp-content\/gallery\/yonetim-kurulu\/thumbs\/thumbs_2019-2020.jpg\"\n           data-image-id=\"2\"\n           data-title=\"2019-2020\"\n           data-description=\" \"\n           class=\"ngg-simplelightbox\" rel=\"96421399ba9696468c480a0403c5e090\">\n            <img title='2019-2020'\n                 alt='2019-2020'\n                 src='https:\/\/akdenizmotosiklet.org\/wp-content\/gallery\/yonetim-kurulu\/2019-2020.jpg'\/>\n        <\/a>\n\t    \n        <\/div> \n\n        <div class='ngg-imagebrowser-nav'>\n\n            <div class='back'>\n                <a class='ngg-browser-prev'\n                   id='ngg-prev-1'\n                   href='https:\/\/akdenizmotosiklet.org\/index.php\/yonetim-kurulumuz\/nggallery\/image\/2017-2018'>\n                    <i class=\"fa fa-chevron-left\" aria-hidden=\"true\"><\/i>\n                <\/a>\n            <\/div>\n\n            <div class='next'>\n                <a class='ngg-browser-next'\n                   id='ngg-next-3'\n                   href='https:\/\/akdenizmotosiklet.org\/index.php\/yonetim-kurulumuz\/nggallery\/image\/2018-2019'>\n                    <i class=\"fa fa-chevron-right\" aria-hidden=\"true\"><\/i>\n                <\/a>\n            <\/div>\n\n            <div class='counter'>\n                Image                1                of                3            <\/div>\n\n            <div class='ngg-imagebrowser-desc'>\n                <p> <\/p>\n            <\/div>\n\n        <\/div>\n    <\/div>\n\n\n","protected":false},"excerpt":{"rendered":"","protected":false},"author":1,"featured_media":0,"parent":0,"menu_order":0,"comment_status":"closed","ping_status":"closed","template":"","meta":{"_bbp_topic_count":0,"_bbp_reply_count":0,"_bbp_total_topic_count":0,"_bbp_total_reply_count":0,"_bbp_voice_count":0,"_bbp_anonymous_reply_count":0,"_bbp_topic_count_hidden":0,"_bbp_reply_count_hidden":0,"_bbp_forum_subforum_count":0,"ngg_post_thumbnail":0,"footnotes":""},"class_list":["post-41","page","type-page","status-publish","hentry"],"yoast_head":"<!-- This site is optimized with the Yoast SEO plugin v16.8 - https:\/\/yoast.com\/wordpress\/plugins\/seo\/ -->\n<title>Y\u00f6netim Kurulumuz - Akdeniz Motosiklet Kul\u00fcb\u00fc<\/title>\n<meta name=\"robots\" content=\"index, follow, max-snippet:-1, max-image-preview:large, max-video-preview:-1\" \/>\n<link rel=\"canonical\" href=\"https:\/\/akdenizmotosiklet.org\/index.php\/yonetim-kurulumuz\/\" \/>\n<meta property=\"og:locale\" content=\"tr_TR\" \/>\n<meta property=\"og:type\" content=\"article\" \/>\n<meta property=\"og:title\" content=\"Y\u00f6netim Kurulumuz - Akdeniz Motosiklet Kul\u00fcb\u00fc\" \/>\n<meta property=\"og:url\" content=\"https:\/\/akdenizmotosiklet.org\/index.php\/yonetim-kurulumuz\/\" \/>\n<meta property=\"og:site_name\" content=\"Akdeniz Motosiklet Kul\u00fcb\u00fc\" \/>\n<meta property=\"article:publisher\" content=\"https:\/\/www.facebook.com\/akdenizmotosikletkulubu\" \/>\n<meta property=\"article:modified_time\" content=\"2020-02-03T20:00:23+00:00\" \/>\n<meta name=\"twitter:card\" content=\"summary_large_image\" \/>\n<meta name=\"twitter:site\" content=\"@akdenizmoto\" \/>\n<script type=\"application\/ld+json\" class=\"yoast-schema-graph\">{\"@context\":\"https:\/\/schema.org\",\"@graph\":[{\"@type\":\"Organization\",\"@id\":\"https:\/\/akdenizmotosiklet.org\/#organization\",\"name\":\"Akdeniz Motosiklet Kul\\u00fcb\\u00fc\",\"url\":\"https:\/\/akdenizmotosiklet.org\/\",\"sameAs\":[\"https:\/\/www.facebook.com\/akdenizmotosikletkulubu\",\"https:\/\/www.instagram.com\/akdeniz_motosiklet_kulubu\/\",\"https:\/\/www.youtube.com\/channel\/UCj9wFnEJZzaWYtmV2TGVH5w\",\"https:\/\/twitter.com\/akdenizmoto\"],\"logo\":{\"@type\":\"ImageObject\",\"@id\":\"https:\/\/akdenizmotosiklet.org\/#logo\",\"inLanguage\":\"tr\",\"url\":\"https:\/\/akdenizmotosiklet.org\/wp-content\/uploads\/2019\/12\/maxresdefault-scaled.jpg\",\"contentUrl\":\"https:\/\/akdenizmotosiklet.org\/wp-content\/uploads\/2019\/12\/maxresdefault-scaled.jpg\",\"width\":2560,\"height\":2560,\"caption\":\"Akdeniz Motosiklet Kul\\u00fcb\\u00fc\"},\"image\":{\"@id\":\"https:\/\/akdenizmotosiklet.org\/#logo\"}},{\"@type\":\"WebSite\",\"@id\":\"https:\/\/akdenizmotosiklet.org\/#website\",\"url\":\"https:\/\/akdenizmotosiklet.org\/\",\"name\":\"Akdeniz Motosiklet Kul\\u00fcb\\u00fc\",\"description\":\"Antalya&#039;n\\u0131n en eski ve k\\u00f6kl\\u00fc motosiklet kul\\u00fcplerinden Akdeniz Motosiklet Kul\\u00fcb\\u00fcn\\u00fcn resmi internet sayfas\\u0131na ho\\u015f geldiniz.\",\"publisher\":{\"@id\":\"https:\/\/akdenizmotosiklet.org\/#organization\"},\"potentialAction\":[{\"@type\":\"SearchAction\",\"target\":{\"@type\":\"EntryPoint\",\"urlTemplate\":\"https:\/\/akdenizmotosiklet.org\/?s={search_term_string}\"},\"query-input\":\"required name=search_term_string\"}],\"inLanguage\":\"tr\"},{\"@type\":\"WebPage\",\"@id\":\"https:\/\/akdenizmotosiklet.org\/index.php\/yonetim-kurulumuz\/#webpage\",\"url\":\"https:\/\/akdenizmotosiklet.org\/index.php\/yonetim-kurulumuz\/\",\"name\":\"Y\\u00f6netim Kurulumuz - Akdeniz Motosiklet Kul\\u00fcb\\u00fc\",\"isPartOf\":{\"@id\":\"https:\/\/akdenizmotosiklet.org\/#website\"},\"datePublished\":\"2019-12-05T20:16:59+00:00\",\"dateModified\":\"2020-02-03T20:00:23+00:00\",\"breadcrumb\":{\"@id\":\"https:\/\/akdenizmotosiklet.org\/index.php\/yonetim-kurulumuz\/#breadcrumb\"},\"inLanguage\":\"tr\",\"potentialAction\":[{\"@type\":\"ReadAction\",\"target\":[\"https:\/\/akdenizmotosiklet.org\/index.php\/yonetim-kurulumuz\/\"]}]},{\"@type\":\"BreadcrumbList\",\"@id\":\"https:\/\/akdenizmotosiklet.org\/index.php\/yonetim-kurulumuz\/#breadcrumb\",\"itemListElement\":[{\"@type\":\"ListItem\",\"position\":1,\"name\":\"Ana sayfa\",\"item\":\"https:\/\/akdenizmotosiklet.org\/\"},{\"@type\":\"ListItem\",\"position\":2,\"name\":\"Y\\u00f6netim Kurulumuz\"}]}]}<\/script>\n<!-- \/ Yoast SEO plugin. -->","yoast_head_json":{"title":"Y\u00f6netim Kurulumuz - Akdeniz Motosiklet Kul\u00fcb\u00fc","robots":{"index":"index","follow":"follow","max-snippet":"max-snippet:-1","max-image-preview":"max-image-preview:large","max-video-preview":"max-video-preview:-1"},"canonical":"https:\/\/akdenizmotosiklet.org\/index.php\/yonetim-kurulumuz\/","og_locale":"tr_TR","og_type":"article","og_title":"Y\u00f6netim Kurulumuz - Akdeniz Motosiklet Kul\u00fcb\u00fc","og_url":"https:\/\/akdenizmotosiklet.org\/index.php\/yonetim-kurulumuz\/","og_site_name":"Akdeniz Motosiklet Kul\u00fcb\u00fc","article_publisher":"https:\/\/www.facebook.com\/akdenizmotosikletkulubu","article_modified_time":"2020-02-03T20:00:23+00:00","twitter_card":"summary_large_image","twitter_site":"@akdenizmoto","schema":{"@context":"https:\/\/schema.org","@graph":[{"@type":"Organization","@id":"https:\/\/akdenizmotosiklet.org\/#organization","name":"Akdeniz Motosiklet Kul\u00fcb\u00fc","url":"https:\/\/akdenizmotosiklet.org\/","sameAs":["https:\/\/www.facebook.com\/akdenizmotosikletkulubu","https:\/\/www.instagram.com\/akdeniz_motosiklet_kulubu\/","https:\/\/www.youtube.com\/channel\/UCj9wFnEJZzaWYtmV2TGVH5w","https:\/\/twitter.com\/akdenizmoto"],"logo":{"@type":"ImageObject","@id":"https:\/\/akdenizmotosiklet.org\/#logo","inLanguage":"tr","url":"https:\/\/akdenizmotosiklet.org\/wp-content\/uploads\/2019\/12\/maxresdefault-scaled.jpg","contentUrl":"https:\/\/akdenizmotosiklet.org\/wp-content\/uploads\/2019\/12\/maxresdefault-scaled.jpg","width":2560,"height":2560,"caption":"Akdeniz Motosiklet Kul\u00fcb\u00fc"},"image":{"@id":"https:\/\/akdenizmotosiklet.org\/#logo"}},{"@type":"WebSite","@id":"https:\/\/akdenizmotosiklet.org\/#website","url":"https:\/\/akdenizmotosiklet.org\/","name":"Akdeniz Motosiklet Kul\u00fcb\u00fc","description":"Antalya&#039;n\u0131n en eski ve k\u00f6kl\u00fc motosiklet kul\u00fcplerinden Akdeniz Motosiklet Kul\u00fcb\u00fcn\u00fcn resmi internet sayfas\u0131na ho\u015f geldiniz.","publisher":{"@id":"https:\/\/akdenizmotosiklet.org\/#organization"},"potentialAction":[{"@type":"SearchAction","target":{"@type":"EntryPoint","urlTemplate":"https:\/\/akdenizmotosiklet.org\/?s={search_term_string}"},"query-input":"required name=search_term_string"}],"inLanguage":"tr"},{"@type":"WebPage","@id":"https:\/\/akdenizmotosiklet.org\/index.php\/yonetim-kurulumuz\/#webpage","url":"https:\/\/akdenizmotosiklet.org\/index.php\/yonetim-kurulumuz\/","name":"Y\u00f6netim Kurulumuz - Akdeniz Motosiklet Kul\u00fcb\u00fc","isPartOf":{"@id":"https:\/\/akdenizmotosiklet.org\/#website"},"datePublished":"2019-12-05T20:16:59+00:00","dateModified":"2020-02-03T20:00:23+00:00","breadcrumb":{"@id":"https:\/\/akdenizmotosiklet.org\/index.php\/yonetim-kurulumuz\/#breadcrumb"},"inLanguage":"tr","potentialAction":[{"@type":"ReadAction","target":["https:\/\/akdenizmotosiklet.org\/index.php\/yonetim-kurulumuz\/"]}]},{"@type":"BreadcrumbList","@id":"https:\/\/akdenizmotosiklet.org\/index.php\/yonetim-kurulumuz\/#breadcrumb","itemListElement":[{"@type":"ListItem","position":1,"name":"Ana sayfa","item":"https:\/\/akdenizmotosiklet.org\/"},{"@type":"ListItem","position":2,"name":"Y\u00f6netim Kurulumuz"}]}]}},"_links":{"self":[{"href":"https:\/\/akdenizmotosiklet.org\/index.php\/wp-json\/wp\/v2\/pages\/41","targetHints":{"allow":["GET"]}}],"collection":[{"href":"https:\/\/akdenizmotosiklet.org\/index.php\/wp-json\/wp\/v2\/pages"}],"about":[{"href":"https:\/\/akdenizmotosiklet.org\/index.php\/wp-json\/wp\/v2\/types\/page"}],"author":[{"embeddable":true,"href":"https:\/\/akdenizmotosiklet.org\/index.php\/wp-json\/wp\/v2\/users\/1"}],"replies":[{"embeddable":true,"href":"https:\/\/akdenizmotosiklet.org\/index.php\/wp-json\/wp\/v2\/comments?post=41"}],"version-history":[{"count":2,"href":"https:\/\/akdenizmotosiklet.org\/index.php\/wp-json\/wp\/v2\/pages\/41\/revisions"}],"predecessor-version":[{"id":221,"href":"https:\/\/akdenizmotosiklet.org\/index.php\/wp-json\/wp\/v2\/pages\/41\/revisions\/221"}],"wp:attachment":[{"href":"https:\/\/akdenizmotosiklet.org\/index.php\/wp-json\/wp\/v2\/media?parent=41"}],"curies":[{"name":"wp","href":"https:\/\/api.w.org\/{rel}","templated":true}]}}