{"id":39,"date":"2019-12-05T23:16:59","date_gmt":"2019-12-05T20:16:59","guid":{"rendered":"http:\/\/akdenizmotosiklet.org\/?page_id=39"},"modified":"2019-12-20T21:22:21","modified_gmt":"2019-12-20T18:22:21","slug":"kurallarimiz","status":"publish","type":"page","link":"https:\/\/akdenizmotosiklet.org\/index.php\/kurallarimiz\/","title":{"rendered":"Kurallar\u0131m\u0131z"},"content":{"rendered":"\n<div class=\"wp-block-group is-layout-flow wp-block-group-is-layout-flow\"><div class=\"wp-block-group__inner-container\"><\/div><\/div>\n\n\n\n<p class=\"has-text-color has-medium-font-size has-very-dark-gray-color\">Bu b\u00f6l\u00fcm g\u00fcncellenmektedir.<\/p>\n","protected":false},"excerpt":{"rendered":"<p>Bu b\u00f6l\u00fcm g\u00fcncellenmektedir.<\/p>\n","protected":false},"author":1,"featured_media":0,"parent":0,"menu_order":0,"comment_status":"closed","ping_status":"closed","template":"","meta":{"_bbp_topic_count":0,"_bbp_reply_count":0,"_bbp_total_topic_count":0,"_bbp_total_reply_count":0,"_bbp_voice_count":0,"_bbp_anonymous_reply_count":0,"_bbp_topic_count_hidden":0,"_bbp_reply_count_hidden":0,"_bbp_forum_subforum_count":0,"ngg_post_thumbnail":0,"footnotes":""},"class_list":["post-39","page","type-page","status-publish","hentry"],"yoast_head":"<!-- This site is optimized with the Yoast SEO plugin v16.8 - https:\/\/yoast.com\/wordpress\/plugins\/seo\/ -->\n<title>Kurallar\u0131m\u0131z - Akdeniz Motosiklet Kul\u00fcb\u00fc<\/title>\n<meta name=\"robots\" content=\"index, follow, max-snippet:-1, max-image-preview:large, max-video-preview:-1\" \/>\n<link rel=\"canonical\" href=\"https:\/\/akdenizmotosiklet.org\/index.php\/kurallarimiz\/\" \/>\n<meta property=\"og:locale\" content=\"tr_TR\" \/>\n<meta property=\"og:type\" content=\"article\" \/>\n<meta property=\"og:title\" content=\"Kurallar\u0131m\u0131z - Akdeniz Motosiklet Kul\u00fcb\u00fc\" \/>\n<meta property=\"og:description\" content=\"Bu b\u00f6l\u00fcm g\u00fcncellenmektedir.\" \/>\n<meta property=\"og:url\" content=\"https:\/\/akdenizmotosiklet.org\/index.php\/kurallarimiz\/\" \/>\n<meta property=\"og:site_name\" content=\"Akdeniz Motosiklet Kul\u00fcb\u00fc\" \/>\n<meta property=\"article:publisher\" content=\"https:\/\/www.facebook.com\/akdenizmotosikletkulubu\" \/>\n<meta property=\"article:modified_time\" content=\"2019-12-20T18:22:21+00:00\" \/>\n<meta name=\"twitter:card\" content=\"summary_large_image\" \/>\n<meta name=\"twitter:site\" content=\"@akdenizmoto\" \/>\n<script type=\"application\/ld+json\" class=\"yoast-schema-graph\">{\"@context\":\"https:\/\/schema.org\",\"@graph\":[{\"@type\":\"Organization\",\"@id\":\"https:\/\/akdenizmotosiklet.org\/#organization\",\"name\":\"Akdeniz Motosiklet Kul\\u00fcb\\u00fc\",\"url\":\"https:\/\/akdenizmotosiklet.org\/\",\"sameAs\":[\"https:\/\/www.facebook.com\/akdenizmotosikletkulubu\",\"https:\/\/www.instagram.com\/akdeniz_motosiklet_kulubu\/\",\"https:\/\/www.youtube.com\/channel\/UCj9wFnEJZzaWYtmV2TGVH5w\",\"https:\/\/twitter.com\/akdenizmoto\"],\"logo\":{\"@type\":\"ImageObject\",\"@id\":\"https:\/\/akdenizmotosiklet.org\/#logo\",\"inLanguage\":\"tr\",\"url\":\"https:\/\/akdenizmotosiklet.org\/wp-content\/uploads\/2019\/12\/maxresdefault-scaled.jpg\",\"contentUrl\":\"https:\/\/akdenizmotosiklet.org\/wp-content\/uploads\/2019\/12\/maxresdefault-scaled.jpg\",\"width\":2560,\"height\":2560,\"caption\":\"Akdeniz Motosiklet Kul\\u00fcb\\u00fc\"},\"image\":{\"@id\":\"https:\/\/akdenizmotosiklet.org\/#logo\"}},{\"@type\":\"WebSite\",\"@id\":\"https:\/\/akdenizmotosiklet.org\/#website\",\"url\":\"https:\/\/akdenizmotosiklet.org\/\",\"name\":\"Akdeniz Motosiklet Kul\\u00fcb\\u00fc\",\"description\":\"Antalya&#039;n\\u0131n en eski ve k\\u00f6kl\\u00fc motosiklet kul\\u00fcplerinden Akdeniz Motosiklet Kul\\u00fcb\\u00fcn\\u00fcn resmi internet sayfas\\u0131na ho\\u015f geldiniz.\",\"publisher\":{\"@id\":\"https:\/\/akdenizmotosiklet.org\/#organization\"},\"potentialAction\":[{\"@type\":\"SearchAction\",\"target\":{\"@type\":\"EntryPoint\",\"urlTemplate\":\"https:\/\/akdenizmotosiklet.org\/?s={search_term_string}\"},\"query-input\":\"required name=search_term_string\"}],\"inLanguage\":\"tr\"},{\"@type\":\"WebPage\",\"@id\":\"https:\/\/akdenizmotosiklet.org\/index.php\/kurallarimiz\/#webpage\",\"url\":\"https:\/\/akdenizmotosiklet.org\/index.php\/kurallarimiz\/\",\"name\":\"Kurallar\\u0131m\\u0131z - Akdeniz Motosiklet Kul\\u00fcb\\u00fc\",\"isPartOf\":{\"@id\":\"https:\/\/akdenizmotosiklet.org\/#website\"},\"datePublished\":\"2019-12-05T20:16:59+00:00\",\"dateModified\":\"2019-12-20T18:22:21+00:00\",\"breadcrumb\":{\"@id\":\"https:\/\/akdenizmotosiklet.org\/index.php\/kurallarimiz\/#breadcrumb\"},\"inLanguage\":\"tr\",\"potentialAction\":[{\"@type\":\"ReadAction\",\"target\":[\"https:\/\/akdenizmotosiklet.org\/index.php\/kurallarimiz\/\"]}]},{\"@type\":\"BreadcrumbList\",\"@id\":\"https:\/\/akdenizmotosiklet.org\/index.php\/kurallarimiz\/#breadcrumb\",\"itemListElement\":[{\"@type\":\"ListItem\",\"position\":1,\"name\":\"Ana sayfa\",\"item\":\"https:\/\/akdenizmotosiklet.org\/\"},{\"@type\":\"ListItem\",\"position\":2,\"name\":\"Kurallar\\u0131m\\u0131z\"}]}]}<\/script>\n<!-- \/ Yoast SEO plugin. -->","yoast_head_json":{"title":"Kurallar\u0131m\u0131z - Akdeniz Motosiklet Kul\u00fcb\u00fc","robots":{"index":"index","follow":"follow","max-snippet":"max-snippet:-1","max-image-preview":"max-image-preview:large","max-video-preview":"max-video-preview:-1"},"canonical":"https:\/\/akdenizmotosiklet.org\/index.php\/kurallarimiz\/","og_locale":"tr_TR","og_type":"article","og_title":"Kurallar\u0131m\u0131z - Akdeniz Motosiklet Kul\u00fcb\u00fc","og_description":"Bu b\u00f6l\u00fcm g\u00fcncellenmektedir.","og_url":"https:\/\/akdenizmotosiklet.org\/index.php\/kurallarimiz\/","og_site_name":"Akdeniz Motosiklet Kul\u00fcb\u00fc","article_publisher":"https:\/\/www.facebook.com\/akdenizmotosikletkulubu","article_modified_time":"2019-12-20T18:22:21+00:00","twitter_card":"summary_large_image","twitter_site":"@akdenizmoto","schema":{"@context":"https:\/\/schema.org","@graph":[{"@type":"Organization","@id":"https:\/\/akdenizmotosiklet.org\/#organization","name":"Akdeniz Motosiklet Kul\u00fcb\u00fc","url":"https:\/\/akdenizmotosiklet.org\/","sameAs":["https:\/\/www.facebook.com\/akdenizmotosikletkulubu","https:\/\/www.instagram.com\/akdeniz_motosiklet_kulubu\/","https:\/\/www.youtube.com\/channel\/UCj9wFnEJZzaWYtmV2TGVH5w","https:\/\/twitter.com\/akdenizmoto"],"logo":{"@type":"ImageObject","@id":"https:\/\/akdenizmotosiklet.org\/#logo","inLanguage":"tr","url":"https:\/\/akdenizmotosiklet.org\/wp-content\/uploads\/2019\/12\/maxresdefault-scaled.jpg","contentUrl":"https:\/\/akdenizmotosiklet.org\/wp-content\/uploads\/2019\/12\/maxresdefault-scaled.jpg","width":2560,"height":2560,"caption":"Akdeniz Motosiklet Kul\u00fcb\u00fc"},"image":{"@id":"https:\/\/akdenizmotosiklet.org\/#logo"}},{"@type":"WebSite","@id":"https:\/\/akdenizmotosiklet.org\/#website","url":"https:\/\/akdenizmotosiklet.org\/","name":"Akdeniz Motosiklet Kul\u00fcb\u00fc","description":"Antalya&#039;n\u0131n en eski ve k\u00f6kl\u00fc motosiklet kul\u00fcplerinden Akdeniz Motosiklet Kul\u00fcb\u00fcn\u00fcn resmi internet sayfas\u0131na ho\u015f geldiniz.","publisher":{"@id":"https:\/\/akdenizmotosiklet.org\/#organization"},"potentialAction":[{"@type":"SearchAction","target":{"@type":"EntryPoint","urlTemplate":"https:\/\/akdenizmotosiklet.org\/?s={search_term_string}"},"query-input":"required name=search_term_string"}],"inLanguage":"tr"},{"@type":"WebPage","@id":"https:\/\/akdenizmotosiklet.org\/index.php\/kurallarimiz\/#webpage","url":"https:\/\/akdenizmotosiklet.org\/index.php\/kurallarimiz\/","name":"Kurallar\u0131m\u0131z - Akdeniz Motosiklet Kul\u00fcb\u00fc","isPartOf":{"@id":"https:\/\/akdenizmotosiklet.org\/#website"},"datePublished":"2019-12-05T20:16:59+00:00","dateModified":"2019-12-20T18:22:21+00:00","breadcrumb":{"@id":"https:\/\/akdenizmotosiklet.org\/index.php\/kurallarimiz\/#breadcrumb"},"inLanguage":"tr","potentialAction":[{"@type":"ReadAction","target":["https:\/\/akdenizmotosiklet.org\/index.php\/kurallarimiz\/"]}]},{"@type":"BreadcrumbList","@id":"https:\/\/akdenizmotosiklet.org\/index.php\/kurallarimiz\/#breadcrumb","itemListElement":[{"@type":"ListItem","position":1,"name":"Ana sayfa","item":"https:\/\/akdenizmotosiklet.org\/"},{"@type":"ListItem","position":2,"name":"Kurallar\u0131m\u0131z"}]}]}},"_links":{"self":[{"href":"https:\/\/akdenizmotosiklet.org\/index.php\/wp-json\/wp\/v2\/pages\/39","targetHints":{"allow":["GET"]}}],"collection":[{"href":"https:\/\/akdenizmotosiklet.org\/index.php\/wp-json\/wp\/v2\/pages"}],"about":[{"href":"https:\/\/akdenizmotosiklet.org\/index.php\/wp-json\/wp\/v2\/types\/page"}],"author":[{"embeddable":true,"href":"https:\/\/akdenizmotosiklet.org\/index.php\/wp-json\/wp\/v2\/users\/1"}],"replies":[{"embeddable":true,"href":"https:\/\/akdenizmotosiklet.org\/index.php\/wp-json\/wp\/v2\/comments?post=39"}],"version-history":[{"count":9,"href":"https:\/\/akdenizmotosiklet.org\/index.php\/wp-json\/wp\/v2\/pages\/39\/revisions"}],"predecessor-version":[{"id":168,"href":"https:\/\/akdenizmotosiklet.org\/index.php\/wp-json\/wp\/v2\/pages\/39\/revisions\/168"}],"wp:attachment":[{"href":"https:\/\/akdenizmotosiklet.org\/index.php\/wp-json\/wp\/v2\/media?parent=39"}],"curies":[{"name":"wp","href":"https:\/\/api.w.org\/{rel}","templated":true}]}}