{"id":183,"date":"2019-12-20T23:24:21","date_gmt":"2019-12-20T20:24:21","guid":{"rendered":"https:\/\/akdenizmotosiklet.org\/?page_id=183"},"modified":"2019-12-21T00:15:29","modified_gmt":"2019-12-20T21:15:29","slug":"kayit-ol","status":"publish","type":"page","link":"https:\/\/akdenizmotosiklet.org\/index.php\/kayit-ol\/","title":{"rendered":"Kay\u0131t Ol"},"content":{"rendered":"\n<div class=\"wp-block-themeisle-blocks-advanced-columns has-undefined-columns has-desktop-undefined-layout has-tablet-equal-layout has-mobile-equal-layout has-default-gap has-vertical-unset\" id=\"wp-block-themeisle-blocks-advanced-columns-4a0326f2\" style=\"border-width:0px;border-style:solid;border-color:#000000;border-radius:0px;justify-content:unset\"><div class=\"wp-themeisle-block-overlay\" style=\"opacity:0.5;mix-blend-mode:normal\"><\/div><div class=\"innerblocks-wrap\"><\/div><\/div>\n\n\n<div class=\"nsl-container nsl-container-block\" data-align=\"left\"><div class=\"nsl-container-buttons\"><a href=\"https:\/\/akdenizmotosiklet.org\/wp-login.php?loginSocial=facebook&#038;redirect=https%3A%2F%2Fakdenizmotosiklet.org%2Findex.php%2Fwp-json%2Fwp%2Fv2%2Fpages%2F183\" rel=\"nofollow\" aria-label=\"&lt;b&gt;Facebook&lt;\/b&gt; ile devam et\" data-plugin=\"nsl\" data-action=\"connect\" data-provider=\"facebook\" data-popupwidth=\"475\" data-popupheight=\"175\"><div class=\"nsl-button nsl-button-default nsl-button-facebook\" data-skin=\"dark\" style=\"background-color:#1877F2;\"><div class=\"nsl-button-svg-container\"><svg xmlns=\"http:\/\/www.w3.org\/2000\/svg\" viewBox=\"0 0 1365.3 1365.3\" height=\"1365.3\" width=\"1365.3\"><path d=\"M1365.3 682.7A682.7 682.7 0 10576 1357V880H402.7V682.7H576V532.3c0-171.1 102-265.6 257.9-265.6 74.6 0 152.8 13.3 152.8 13.3v168h-86.1c-84.8 0-111.3 52.6-111.3 106.6v128h189.4L948.4 880h-159v477a682.8 682.8 0 00576-674.3\" fill=\"#fff\"\/><\/svg><\/div><div class=\"nsl-button-label-container\"><b>Facebook<\/b> ile devam et<\/div><\/div><\/a><a href=\"https:\/\/akdenizmotosiklet.org\/wp-login.php?loginSocial=google&#038;redirect=https%3A%2F%2Fakdenizmotosiklet.org%2Findex.php%2Fwp-json%2Fwp%2Fv2%2Fpages%2F183\" rel=\"nofollow\" aria-label=\"&lt;b&gt;Google&lt;\/b&gt; ile devam et\" data-plugin=\"nsl\" data-action=\"connect\" data-provider=\"google\" data-popupwidth=\"600\" data-popupheight=\"600\"><div class=\"nsl-button nsl-button-default nsl-button-google\" data-skin=\"dark\" style=\"background-color:#4285f4;\"><div class=\"nsl-button-svg-container\"><svg xmlns=\"http:\/\/www.w3.org\/2000\/svg\" viewBox=\"0 0 24 24\"><path fill=\"#4285F4\" d=\"M20.64 12.2045c0-.6381-.0573-1.2518-.1636-1.8409H12v3.4814h4.8436c-.2086 1.125-.8427 2.0782-1.7959 2.7164v2.2581h2.9087c1.7018-1.5668 2.6836-3.874 2.6836-6.615z\"><\/path><path fill=\"#34A853\" d=\"M12 21c2.43 0 4.4673-.806 5.9564-2.1805l-2.9087-2.2581c-.8059.54-1.8368.859-3.0477.859-2.344 0-4.3282-1.5831-5.036-3.7104H3.9574v2.3318C5.4382 18.9832 8.4818 21 12 21z\"><\/path><path fill=\"#FBBC05\" d=\"M6.964 13.71c-.18-.54-.2822-1.1168-.2822-1.71s.1023-1.17.2823-1.71V7.9582H3.9573A8.9965 8.9965 0 0 0 3 12c0 1.4523.3477 2.8268.9573 4.0418L6.964 13.71z\"><\/path><path fill=\"#EA4335\" d=\"M12 6.5795c1.3214 0 2.5077.4541 3.4405 1.346l2.5813-2.5814C16.4632 3.8918 14.426 3 12 3 8.4818 3 5.4382 5.0168 3.9573 7.9582L6.964 10.29C7.6718 8.1627 9.6559 6.5795 12 6.5795z\"><\/path><\/svg><\/div><div class=\"nsl-button-label-container\"><b>Google<\/b> ile devam et<\/div><\/div><\/a><\/div><\/div>\n\n\n\n<p><\/p>\n","protected":false},"excerpt":{"rendered":"","protected":false},"author":1,"featured_media":0,"parent":0,"menu_order":0,"comment_status":"closed","ping_status":"closed","template":"","meta":{"_bbp_topic_count":0,"_bbp_reply_count":0,"_bbp_total_topic_count":0,"_bbp_total_reply_count":0,"_bbp_voice_count":0,"_bbp_anonymous_reply_count":0,"_bbp_topic_count_hidden":0,"_bbp_reply_count_hidden":0,"_bbp_forum_subforum_count":0,"ngg_post_thumbnail":0,"footnotes":""},"class_list":["post-183","page","type-page","status-publish","hentry"],"yoast_head":"<!-- This site is optimized with the Yoast SEO plugin v16.8 - https:\/\/yoast.com\/wordpress\/plugins\/seo\/ -->\n<title>Kay\u0131t Ol - Akdeniz Motosiklet Kul\u00fcb\u00fc<\/title>\n<meta name=\"robots\" content=\"index, follow, max-snippet:-1, max-image-preview:large, max-video-preview:-1\" \/>\n<link rel=\"canonical\" href=\"https:\/\/akdenizmotosiklet.org\/index.php\/kayit-ol\/\" \/>\n<meta property=\"og:locale\" content=\"tr_TR\" \/>\n<meta property=\"og:type\" content=\"article\" \/>\n<meta property=\"og:title\" content=\"Kay\u0131t Ol - Akdeniz Motosiklet Kul\u00fcb\u00fc\" \/>\n<meta property=\"og:url\" content=\"https:\/\/akdenizmotosiklet.org\/index.php\/kayit-ol\/\" \/>\n<meta property=\"og:site_name\" content=\"Akdeniz Motosiklet Kul\u00fcb\u00fc\" \/>\n<meta property=\"article:publisher\" content=\"https:\/\/www.facebook.com\/akdenizmotosikletkulubu\" \/>\n<meta property=\"article:modified_time\" content=\"2019-12-20T21:15:29+00:00\" \/>\n<meta name=\"twitter:card\" content=\"summary_large_image\" \/>\n<meta name=\"twitter:site\" content=\"@akdenizmoto\" \/>\n<script type=\"application\/ld+json\" class=\"yoast-schema-graph\">{\"@context\":\"https:\/\/schema.org\",\"@graph\":[{\"@type\":\"Organization\",\"@id\":\"https:\/\/akdenizmotosiklet.org\/#organization\",\"name\":\"Akdeniz Motosiklet Kul\\u00fcb\\u00fc\",\"url\":\"https:\/\/akdenizmotosiklet.org\/\",\"sameAs\":[\"https:\/\/www.facebook.com\/akdenizmotosikletkulubu\",\"https:\/\/www.instagram.com\/akdeniz_motosiklet_kulubu\/\",\"https:\/\/www.youtube.com\/channel\/UCj9wFnEJZzaWYtmV2TGVH5w\",\"https:\/\/twitter.com\/akdenizmoto\"],\"logo\":{\"@type\":\"ImageObject\",\"@id\":\"https:\/\/akdenizmotosiklet.org\/#logo\",\"inLanguage\":\"tr\",\"url\":\"https:\/\/akdenizmotosiklet.org\/wp-content\/uploads\/2019\/12\/maxresdefault-scaled.jpg\",\"contentUrl\":\"https:\/\/akdenizmotosiklet.org\/wp-content\/uploads\/2019\/12\/maxresdefault-scaled.jpg\",\"width\":2560,\"height\":2560,\"caption\":\"Akdeniz Motosiklet Kul\\u00fcb\\u00fc\"},\"image\":{\"@id\":\"https:\/\/akdenizmotosiklet.org\/#logo\"}},{\"@type\":\"WebSite\",\"@id\":\"https:\/\/akdenizmotosiklet.org\/#website\",\"url\":\"https:\/\/akdenizmotosiklet.org\/\",\"name\":\"Akdeniz Motosiklet Kul\\u00fcb\\u00fc\",\"description\":\"Antalya&#039;n\\u0131n en eski ve k\\u00f6kl\\u00fc motosiklet kul\\u00fcplerinden Akdeniz Motosiklet Kul\\u00fcb\\u00fcn\\u00fcn resmi internet sayfas\\u0131na ho\\u015f geldiniz.\",\"publisher\":{\"@id\":\"https:\/\/akdenizmotosiklet.org\/#organization\"},\"potentialAction\":[{\"@type\":\"SearchAction\",\"target\":{\"@type\":\"EntryPoint\",\"urlTemplate\":\"https:\/\/akdenizmotosiklet.org\/?s={search_term_string}\"},\"query-input\":\"required name=search_term_string\"}],\"inLanguage\":\"tr\"},{\"@type\":\"WebPage\",\"@id\":\"https:\/\/akdenizmotosiklet.org\/index.php\/kayit-ol\/#webpage\",\"url\":\"https:\/\/akdenizmotosiklet.org\/index.php\/kayit-ol\/\",\"name\":\"Kay\\u0131t Ol - Akdeniz Motosiklet Kul\\u00fcb\\u00fc\",\"isPartOf\":{\"@id\":\"https:\/\/akdenizmotosiklet.org\/#website\"},\"datePublished\":\"2019-12-20T20:24:21+00:00\",\"dateModified\":\"2019-12-20T21:15:29+00:00\",\"breadcrumb\":{\"@id\":\"https:\/\/akdenizmotosiklet.org\/index.php\/kayit-ol\/#breadcrumb\"},\"inLanguage\":\"tr\",\"potentialAction\":[{\"@type\":\"ReadAction\",\"target\":[\"https:\/\/akdenizmotosiklet.org\/index.php\/kayit-ol\/\"]}]},{\"@type\":\"BreadcrumbList\",\"@id\":\"https:\/\/akdenizmotosiklet.org\/index.php\/kayit-ol\/#breadcrumb\",\"itemListElement\":[{\"@type\":\"ListItem\",\"position\":1,\"name\":\"Ana sayfa\",\"item\":\"https:\/\/akdenizmotosiklet.org\/\"},{\"@type\":\"ListItem\",\"position\":2,\"name\":\"Kay\\u0131t Ol\"}]}]}<\/script>\n<!-- \/ Yoast SEO plugin. -->","yoast_head_json":{"title":"Kay\u0131t Ol - Akdeniz Motosiklet Kul\u00fcb\u00fc","robots":{"index":"index","follow":"follow","max-snippet":"max-snippet:-1","max-image-preview":"max-image-preview:large","max-video-preview":"max-video-preview:-1"},"canonical":"https:\/\/akdenizmotosiklet.org\/index.php\/kayit-ol\/","og_locale":"tr_TR","og_type":"article","og_title":"Kay\u0131t Ol - Akdeniz Motosiklet Kul\u00fcb\u00fc","og_url":"https:\/\/akdenizmotosiklet.org\/index.php\/kayit-ol\/","og_site_name":"Akdeniz Motosiklet Kul\u00fcb\u00fc","article_publisher":"https:\/\/www.facebook.com\/akdenizmotosikletkulubu","article_modified_time":"2019-12-20T21:15:29+00:00","twitter_card":"summary_large_image","twitter_site":"@akdenizmoto","schema":{"@context":"https:\/\/schema.org","@graph":[{"@type":"Organization","@id":"https:\/\/akdenizmotosiklet.org\/#organization","name":"Akdeniz Motosiklet Kul\u00fcb\u00fc","url":"https:\/\/akdenizmotosiklet.org\/","sameAs":["https:\/\/www.facebook.com\/akdenizmotosikletkulubu","https:\/\/www.instagram.com\/akdeniz_motosiklet_kulubu\/","https:\/\/www.youtube.com\/channel\/UCj9wFnEJZzaWYtmV2TGVH5w","https:\/\/twitter.com\/akdenizmoto"],"logo":{"@type":"ImageObject","@id":"https:\/\/akdenizmotosiklet.org\/#logo","inLanguage":"tr","url":"https:\/\/akdenizmotosiklet.org\/wp-content\/uploads\/2019\/12\/maxresdefault-scaled.jpg","contentUrl":"https:\/\/akdenizmotosiklet.org\/wp-content\/uploads\/2019\/12\/maxresdefault-scaled.jpg","width":2560,"height":2560,"caption":"Akdeniz Motosiklet Kul\u00fcb\u00fc"},"image":{"@id":"https:\/\/akdenizmotosiklet.org\/#logo"}},{"@type":"WebSite","@id":"https:\/\/akdenizmotosiklet.org\/#website","url":"https:\/\/akdenizmotosiklet.org\/","name":"Akdeniz Motosiklet Kul\u00fcb\u00fc","description":"Antalya&#039;n\u0131n en eski ve k\u00f6kl\u00fc motosiklet kul\u00fcplerinden Akdeniz Motosiklet Kul\u00fcb\u00fcn\u00fcn resmi internet sayfas\u0131na ho\u015f geldiniz.","publisher":{"@id":"https:\/\/akdenizmotosiklet.org\/#organization"},"potentialAction":[{"@type":"SearchAction","target":{"@type":"EntryPoint","urlTemplate":"https:\/\/akdenizmotosiklet.org\/?s={search_term_string}"},"query-input":"required name=search_term_string"}],"inLanguage":"tr"},{"@type":"WebPage","@id":"https:\/\/akdenizmotosiklet.org\/index.php\/kayit-ol\/#webpage","url":"https:\/\/akdenizmotosiklet.org\/index.php\/kayit-ol\/","name":"Kay\u0131t Ol - Akdeniz Motosiklet Kul\u00fcb\u00fc","isPartOf":{"@id":"https:\/\/akdenizmotosiklet.org\/#website"},"datePublished":"2019-12-20T20:24:21+00:00","dateModified":"2019-12-20T21:15:29+00:00","breadcrumb":{"@id":"https:\/\/akdenizmotosiklet.org\/index.php\/kayit-ol\/#breadcrumb"},"inLanguage":"tr","potentialAction":[{"@type":"ReadAction","target":["https:\/\/akdenizmotosiklet.org\/index.php\/kayit-ol\/"]}]},{"@type":"BreadcrumbList","@id":"https:\/\/akdenizmotosiklet.org\/index.php\/kayit-ol\/#breadcrumb","itemListElement":[{"@type":"ListItem","position":1,"name":"Ana sayfa","item":"https:\/\/akdenizmotosiklet.org\/"},{"@type":"ListItem","position":2,"name":"Kay\u0131t Ol"}]}]}},"_links":{"self":[{"href":"https:\/\/akdenizmotosiklet.org\/index.php\/wp-json\/wp\/v2\/pages\/183","targetHints":{"allow":["GET"]}}],"collection":[{"href":"https:\/\/akdenizmotosiklet.org\/index.php\/wp-json\/wp\/v2\/pages"}],"about":[{"href":"https:\/\/akdenizmotosiklet.org\/index.php\/wp-json\/wp\/v2\/types\/page"}],"author":[{"embeddable":true,"href":"https:\/\/akdenizmotosiklet.org\/index.php\/wp-json\/wp\/v2\/users\/1"}],"replies":[{"embeddable":true,"href":"https:\/\/akdenizmotosiklet.org\/index.php\/wp-json\/wp\/v2\/comments?post=183"}],"version-history":[{"count":6,"href":"https:\/\/akdenizmotosiklet.org\/index.php\/wp-json\/wp\/v2\/pages\/183\/revisions"}],"predecessor-version":[{"id":191,"href":"https:\/\/akdenizmotosiklet.org\/index.php\/wp-json\/wp\/v2\/pages\/183\/revisions\/191"}],"wp:attachment":[{"href":"https:\/\/akdenizmotosiklet.org\/index.php\/wp-json\/wp\/v2\/media?parent=183"}],"curies":[{"name":"wp","href":"https:\/\/api.w.org\/{rel}","templated":true}]}}